{"id":992,"date":"2023-02-28T18:00:38","date_gmt":"2023-02-28T17:00:38","guid":{"rendered":"https:\/\/huttopy.com\/?page_id=992"},"modified":"2024-08-26T00:26:21","modified_gmt":"2024-08-25T23:26:21","slug":"nos-realisations","status":"publish","type":"page","link":"https:\/\/huttopy.com\/huttopy-test-v2\/?page_id=992","title":{"rendered":"Nos r\u00e9alisations"},"content":{"rendered":"<style>.kb-row-layout-id992_40b037-31 > .kt-row-column-wrap{align-content:center;}:where(.kb-row-layout-id992_40b037-31 > .kt-row-column-wrap) > .wp-block-kadence-column{justify-content:center;}.kb-row-layout-id992_40b037-31 > .kt-row-column-wrap{column-gap:80px;row-gap:var(--global-kb-gap-md, 2rem);max-width:var( --global-content-width, 1290px );padding-left:var(--global-content-edge-padding);padding-right:var(--global-content-edge-padding);padding-top:90px;padding-bottom:80px;grid-template-columns:minmax(0, calc(35% - ((80px * 1 )\/2)))minmax(0, calc(65% - ((80px * 1 )\/2)));}.kb-row-layout-id992_40b037-31 > .kt-row-layout-overlay{opacity:0.30;}@media all and (max-width: 1024px){.kb-row-layout-id992_40b037-31 > .kt-row-column-wrap{grid-template-columns:minmax(0, 1fr);}}@media all and (max-width: 767px){.kb-row-layout-id992_40b037-31 > .kt-row-column-wrap{padding-top:0px;grid-template-columns:minmax(0, 1fr);}}<\/style><div class=\"kb-row-layout-wrap kb-row-layout-id992_40b037-31 alignnone has-theme-palette3-background-color kt-row-has-bg wp-block-kadence-rowlayout\"><div class=\"kt-row-column-wrap kt-has-2-columns kt-row-layout-equal kt-tab-layout-row kt-mobile-layout-row kt-row-valign-middle kb-theme-content-width\">\n<style>.kadence-column992_c52502-87 > .kt-inside-inner-col,.kadence-column992_c52502-87 > .kt-inside-inner-col:before{border-top-left-radius:0px;border-top-right-radius:0px;border-bottom-right-radius:0px;border-bottom-left-radius:0px;}.kadence-column992_c52502-87 > .kt-inside-inner-col{column-gap:var(--global-kb-gap-sm, 1rem);}.kadence-column992_c52502-87 > .kt-inside-inner-col{flex-direction:column;}.kadence-column992_c52502-87 > .kt-inside-inner-col > .aligncenter{width:100%;}.kadence-column992_c52502-87 > .kt-inside-inner-col:before{opacity:0.3;}.kadence-column992_c52502-87{position:relative;}@media all and (max-width: 1024px){.kadence-column992_c52502-87 > .kt-inside-inner-col{flex-direction:column;}}@media all and (max-width: 767px){.kadence-column992_c52502-87, .kt-inside-inner-col > .kadence-column992_c52502-87:not(.specificity){margin-bottom:-304px;}.kadence-column992_c52502-87 > .kt-inside-inner-col{flex-direction:column;}}<\/style>\n<div class=\"wp-block-kadence-column kadence-column992_c52502-87 inner-column-1\"><div class=\"kt-inside-inner-col\"><style>.wp-block-kadence-advancedheading.kt-adv-heading992_a332cb-b3, .wp-block-kadence-advancedheading.kt-adv-heading992_a332cb-b3[data-kb-block=\"kb-adv-heading992_a332cb-b3\"]{padding-top:0px;padding-bottom:var(--global-kb-spacing-5xl, 10rem);margin-top:0px;margin-bottom:var(--global-kb-spacing-5xl, 10rem);font-size:var(--global-kb-font-size-xl, 3rem);line-height:49px;font-weight:600;font-style:normal;font-family:Montserrat;text-transform:capitalize;}.wp-block-kadence-advancedheading.kt-adv-heading992_a332cb-b3 mark, .wp-block-kadence-advancedheading.kt-adv-heading992_a332cb-b3[data-kb-block=\"kb-adv-heading992_a332cb-b3\"] mark{font-style:normal;color:#f76a0c;padding-top:0px;padding-right:0px;padding-bottom:0px;padding-left:0px;}@media all and (max-width: 1024px){.wp-block-kadence-advancedheading.kt-adv-heading992_a332cb-b3, .wp-block-kadence-advancedheading.kt-adv-heading992_a332cb-b3[data-kb-block=\"kb-adv-heading992_a332cb-b3\"]{margin-bottom:-91px;text-align:center!important;}}<\/style>\n<h2 class=\"kt-adv-heading992_a332cb-b3 wp-block-kadence-advancedheading has-theme-palette-9-color has-text-color\" data-kb-block=\"kb-adv-heading992_a332cb-b3\">NOS SERVICES <\/h2>\n\n\n<style>.wp-block-kadence-advancedheading.kt-adv-heading992_36fac3-cb, .wp-block-kadence-advancedheading.kt-adv-heading992_36fac3-cb[data-kb-block=\"kb-adv-heading992_36fac3-cb\"]{font-style:normal;}.wp-block-kadence-advancedheading.kt-adv-heading992_36fac3-cb mark, .wp-block-kadence-advancedheading.kt-adv-heading992_36fac3-cb[data-kb-block=\"kb-adv-heading992_36fac3-cb\"] mark{font-style:normal;color:#f76a0c;padding-top:0px;padding-right:0px;padding-bottom:0px;padding-left:0px;}<\/style>\n<p class=\"kt-adv-heading992_36fac3-cb wp-block-kadence-advancedheading\" data-kb-block=\"kb-adv-heading992_36fac3-cb\"><a href=\"https:\/\/startertemplatecloud.com\/e28\/#\"><\/a><\/p>\n<\/div><\/div>\n\n\n<style>.kadence-column992_ef1140-3f > .kt-inside-inner-col{display:flex;}.kadence-column992_ef1140-3f > .kt-inside-inner-col,.kadence-column992_ef1140-3f > .kt-inside-inner-col:before{border-top-left-radius:0px;border-top-right-radius:0px;border-bottom-right-radius:0px;border-bottom-left-radius:0px;}.kadence-column992_ef1140-3f > .kt-inside-inner-col{column-gap:var(--global-kb-gap-sm, 1rem);}.kadence-column992_ef1140-3f > .kt-inside-inner-col{flex-direction:column;align-items:center;}.kadence-column992_ef1140-3f > .kt-inside-inner-col > .kb-image-is-ratio-size{align-self:stretch;}.kadence-column992_ef1140-3f > .kt-inside-inner-col > .aligncenter{width:100%;}.kadence-column992_ef1140-3f > .kt-inside-inner-col:before{opacity:0.3;}.kadence-column992_ef1140-3f{position:relative;}@media all and (max-width: 1024px){.kadence-column992_ef1140-3f > .kt-inside-inner-col{flex-direction:column;align-items:center;}}@media all and (max-width: 767px){.kadence-column992_ef1140-3f > .kt-inside-inner-col{flex-direction:column;align-items:center;}}<\/style>\n<div class=\"wp-block-kadence-column kadence-column992_ef1140-3f inner-column-2\"><div class=\"kt-inside-inner-col\"><style>.kb-row-layout-id992_2cd269-0b > .kt-row-column-wrap{align-content:start;}:where(.kb-row-layout-id992_2cd269-0b > .kt-row-column-wrap) > .wp-block-kadence-column{justify-content:start;}.kb-row-layout-id992_2cd269-0b > .kt-row-column-wrap{column-gap:var(--global-kb-gap-md, 2rem);row-gap:var(--global-kb-gap-md, 2rem);max-width:1050px;margin-left:auto;margin-right:auto;padding-top:var(--global-kb-spacing-sm, 1.5rem);padding-bottom:var(--global-kb-spacing-sm, 1.5rem);grid-template-columns:minmax(0, calc(33% - ((var(--global-kb-gap-md, 2rem) * 2 )\/3)))minmax(0, calc(33.6% - ((var(--global-kb-gap-md, 2rem) * 2 )\/3)))minmax(0, calc(33.4% - ((var(--global-kb-gap-md, 2rem) * 2 )\/3)));}.kb-row-layout-id992_2cd269-0b > .kt-row-layout-overlay{opacity:0.30;}@media all and (max-width: 1024px){.kb-row-layout-id992_2cd269-0b > .kt-row-column-wrap{grid-template-columns:repeat(3, minmax(0, 1fr));}}@media all and (max-width: 767px){.kb-row-layout-id992_2cd269-0b > .kt-row-column-wrap{padding-top:var(--global-kb-spacing-xs, 1rem);grid-template-columns:minmax(0, 1fr);}}<\/style><div class=\"kb-row-layout-wrap kb-row-layout-id992_2cd269-0b alignnone wp-block-kadence-rowlayout\"><div class=\"kt-row-column-wrap kt-has-3-columns kt-row-layout-equal kt-tab-layout-inherit kt-mobile-layout-row kt-row-valign-top\">\n<style>.kadence-column992_1ee53b-3e > .kt-inside-inner-col,.kadence-column992_1ee53b-3e > .kt-inside-inner-col:before{border-top-left-radius:0px;border-top-right-radius:0px;border-bottom-right-radius:0px;border-bottom-left-radius:0px;}.kadence-column992_1ee53b-3e > .kt-inside-inner-col{column-gap:var(--global-kb-gap-sm, 1rem);}.kadence-column992_1ee53b-3e > .kt-inside-inner-col{flex-direction:column;}.kadence-column992_1ee53b-3e > .kt-inside-inner-col > .aligncenter{width:100%;}.kadence-column992_1ee53b-3e > .kt-inside-inner-col:before{opacity:0.3;}.kadence-column992_1ee53b-3e{position:relative;}@media all and (max-width: 1024px){.kadence-column992_1ee53b-3e > .kt-inside-inner-col{flex-direction:column;}}@media all and (max-width: 767px){.kadence-column992_1ee53b-3e > .kt-inside-inner-col{flex-direction:column;}}<\/style>\n<div class=\"wp-block-kadence-column kadence-column992_1ee53b-3e inner-column-1\"><div class=\"kt-inside-inner-col\"><style>.kb-image992_50f18f-c1 .kb-image-has-overlay:after{opacity:0.3;border-top-left-radius:500px;border-top-right-radius:500px;border-bottom-right-radius:500px;border-bottom-left-radius:500px;}.kb-image992_50f18f-c1 img.kb-img, .kb-image992_50f18f-c1 .kb-img img{border-top-left-radius:500px;border-top-right-radius:500px;border-bottom-right-radius:500px;border-bottom-left-radius:500px;}@media all and (max-width: 767px){.wp-block-kadence-image.kb-image992_50f18f-c1:not(.kb-specificity-added):not(.kb-extra-specificity-added){margin-top:var(--global-kb-spacing-5xl, 10rem);}.kb-image992_50f18f-c1:not(.kb-image-is-ratio-size) .kb-img, .kb-image992_50f18f-c1.kb-image-is-ratio-size{padding-bottom:0px;}}<\/style>\n<figure class=\"wp-block-kadence-image kb-image992_50f18f-c1 size-large kb-image-is-ratio-size\"><div class=\"kb-is-ratio-image kb-image-ratio-square\"><img loading=\"lazy\" decoding=\"async\" width=\"1024\" height=\"768\" src=\"https:\/\/huttopy.com\/huttopy-test-v2\/wp-content\/uploads\/2024\/01\/DELAS-APPENTIS-77-1024x768.jpg\" alt=\"\" class=\"kb-img wp-image-2646\" srcset=\"https:\/\/huttopy.com\/huttopy-test-v2\/wp-content\/uploads\/2024\/01\/DELAS-APPENTIS-77-1024x768.jpg 1024w, https:\/\/huttopy.com\/huttopy-test-v2\/wp-content\/uploads\/2024\/01\/DELAS-APPENTIS-77-300x225.jpg 300w, https:\/\/huttopy.com\/huttopy-test-v2\/wp-content\/uploads\/2024\/01\/DELAS-APPENTIS-77-768x576.jpg 768w, https:\/\/huttopy.com\/huttopy-test-v2\/wp-content\/uploads\/2024\/01\/DELAS-APPENTIS-77-1536x1152.jpg 1536w, https:\/\/huttopy.com\/huttopy-test-v2\/wp-content\/uploads\/2024\/01\/DELAS-APPENTIS-77-2048x1536.jpg 2048w\" sizes=\"auto, (max-width: 1024px) 100vw, 1024px\" \/><\/div><\/figure>\n\n\n<style>.wp-block-kadence-advancedheading.kt-adv-heading992_049990-80, .wp-block-kadence-advancedheading.kt-adv-heading992_049990-80[data-kb-block=\"kb-adv-heading992_049990-80\"]{margin-top:-12px;text-align:center;font-size:var(--global-kb-font-size-sm, 0.9rem);font-weight:700;font-style:normal;font-family:Montserrat;}.wp-block-kadence-advancedheading.kt-adv-heading992_049990-80 mark, .wp-block-kadence-advancedheading.kt-adv-heading992_049990-80[data-kb-block=\"kb-adv-heading992_049990-80\"] mark{font-style:normal;color:#f76a0c;padding-top:0px;padding-right:0px;padding-bottom:0px;padding-left:0px;}@media all and (max-width: 767px){.wp-block-kadence-advancedheading.kt-adv-heading992_049990-80, .wp-block-kadence-advancedheading.kt-adv-heading992_049990-80[data-kb-block=\"kb-adv-heading992_049990-80\"]{font-size:var(--global-kb-font-size-md, 1.25rem);}}<\/style>\n<p class=\"kt-adv-heading992_049990-80 wp-block-kadence-advancedheading has-theme-palette-9-color has-text-color has-theme-palette-3-background-color has-background\" data-kb-block=\"kb-adv-heading992_049990-80\">Charpente<\/p>\n\n\n<style>.kb-image992_3bf011-88:not(.kb-image-is-ratio-size) .kb-img, .kb-image992_3bf011-88.kb-image-is-ratio-size{padding-top:27px;}.kb-image992_3bf011-88 .kb-image-has-overlay:after{opacity:0.3;border-top-left-radius:500px;border-top-right-radius:500px;border-bottom-right-radius:500px;border-bottom-left-radius:500px;}.kb-image992_3bf011-88 img.kb-img, .kb-image992_3bf011-88 .kb-img img{border-top-left-radius:500px;border-top-right-radius:500px;border-bottom-right-radius:500px;border-bottom-left-radius:500px;}@media all and (max-width: 1024px){.kb-image992_3bf011-88:not(.kb-image-is-ratio-size) .kb-img, .kb-image992_3bf011-88.kb-image-is-ratio-size{padding-top:0px;}}<\/style>\n<figure class=\"wp-block-kadence-image kb-image992_3bf011-88 size-large kb-image-is-ratio-size\"><div class=\"kb-is-ratio-image kb-image-ratio-square\"><img loading=\"lazy\" decoding=\"async\" width=\"1024\" height=\"768\" src=\"https:\/\/huttopy.com\/huttopy-test-v2\/wp-content\/uploads\/2023\/03\/ALVAREZ-44-1-1024x768.jpg\" alt=\"\" class=\"kb-img wp-image-2266\" srcset=\"https:\/\/huttopy.com\/huttopy-test-v2\/wp-content\/uploads\/2023\/03\/ALVAREZ-44-1-1024x768.jpg 1024w, https:\/\/huttopy.com\/huttopy-test-v2\/wp-content\/uploads\/2023\/03\/ALVAREZ-44-1-300x225.jpg 300w, https:\/\/huttopy.com\/huttopy-test-v2\/wp-content\/uploads\/2023\/03\/ALVAREZ-44-1-768x576.jpg 768w, https:\/\/huttopy.com\/huttopy-test-v2\/wp-content\/uploads\/2023\/03\/ALVAREZ-44-1-1536x1152.jpg 1536w, https:\/\/huttopy.com\/huttopy-test-v2\/wp-content\/uploads\/2023\/03\/ALVAREZ-44-1-2048x1536.jpg 2048w\" sizes=\"auto, (max-width: 1024px) 100vw, 1024px\" \/><\/div><\/figure>\n\n\n<style>.wp-block-kadence-advancedheading.kt-adv-heading992_fa5320-36, .wp-block-kadence-advancedheading.kt-adv-heading992_fa5320-36[data-kb-block=\"kb-adv-heading992_fa5320-36\"]{margin-top:10px;text-align:center;font-size:var(--global-kb-font-size-sm, 0.9rem);font-weight:700;font-style:normal;font-family:Montserrat;}.wp-block-kadence-advancedheading.kt-adv-heading992_fa5320-36 mark, .wp-block-kadence-advancedheading.kt-adv-heading992_fa5320-36[data-kb-block=\"kb-adv-heading992_fa5320-36\"] mark{font-style:normal;color:#f76a0c;padding-top:0px;padding-right:0px;padding-bottom:0px;padding-left:0px;}@media all and (max-width: 767px){.wp-block-kadence-advancedheading.kt-adv-heading992_fa5320-36, .wp-block-kadence-advancedheading.kt-adv-heading992_fa5320-36[data-kb-block=\"kb-adv-heading992_fa5320-36\"]{font-size:var(--global-kb-font-size-md, 1.25rem);}}<\/style>\n<p class=\"kt-adv-heading992_fa5320-36 wp-block-kadence-advancedheading has-theme-palette-9-color has-text-color has-theme-palette-3-background-color has-background\" data-kb-block=\"kb-adv-heading992_fa5320-36\">Terrasse bois<\/p>\n<\/div><\/div>\n\n\n<style>.kadence-column992_cc62fa-0a > .kt-inside-inner-col,.kadence-column992_cc62fa-0a > .kt-inside-inner-col:before{border-top-left-radius:0px;border-top-right-radius:0px;border-bottom-right-radius:0px;border-bottom-left-radius:0px;}.kadence-column992_cc62fa-0a > .kt-inside-inner-col{column-gap:var(--global-kb-gap-sm, 1rem);}.kadence-column992_cc62fa-0a > .kt-inside-inner-col{flex-direction:column;}.kadence-column992_cc62fa-0a > .kt-inside-inner-col > .aligncenter{width:100%;}.kadence-column992_cc62fa-0a > .kt-inside-inner-col:before{opacity:0.3;}.kadence-column992_cc62fa-0a{position:relative;}@media all and (max-width: 1024px){.kadence-column992_cc62fa-0a > .kt-inside-inner-col{flex-direction:column;}}@media all and (max-width: 767px){.kadence-column992_cc62fa-0a > .kt-inside-inner-col{flex-direction:column;}}<\/style>\n<div class=\"wp-block-kadence-column kadence-column992_cc62fa-0a inner-column-2\"><div class=\"kt-inside-inner-col\"><style>.kb-image992_e419db-0e .kb-image-has-overlay:after{opacity:0.3;border-top-left-radius:500px;border-top-right-radius:500px;border-bottom-right-radius:500px;border-bottom-left-radius:500px;}.kb-image992_e419db-0e img.kb-img, .kb-image992_e419db-0e .kb-img img{border-top-left-radius:500px;border-top-right-radius:500px;border-bottom-right-radius:500px;border-bottom-left-radius:500px;}<\/style>\n<figure class=\"wp-block-kadence-image kb-image992_e419db-0e size-large kb-image-is-ratio-size\"><div class=\"kb-is-ratio-image kb-image-ratio-square\"><img loading=\"lazy\" decoding=\"async\" width=\"1024\" height=\"765\" src=\"https:\/\/huttopy.com\/huttopy-test-v2\/wp-content\/uploads\/2023\/03\/IMG_3106-1024x765.jpg\" alt=\"\" class=\"kb-img wp-image-1368\" srcset=\"https:\/\/huttopy.com\/huttopy-test-v2\/wp-content\/uploads\/2023\/03\/IMG_3106-1024x765.jpg 1024w, https:\/\/huttopy.com\/huttopy-test-v2\/wp-content\/uploads\/2023\/03\/IMG_3106-300x224.jpg 300w, https:\/\/huttopy.com\/huttopy-test-v2\/wp-content\/uploads\/2023\/03\/IMG_3106-768x574.jpg 768w, https:\/\/huttopy.com\/huttopy-test-v2\/wp-content\/uploads\/2023\/03\/IMG_3106-1536x1147.jpg 1536w, https:\/\/huttopy.com\/huttopy-test-v2\/wp-content\/uploads\/2023\/03\/IMG_3106-2048x1530.jpg 2048w\" sizes=\"auto, (max-width: 1024px) 100vw, 1024px\" \/><\/div><\/figure>\n\n\n<style>.wp-block-kadence-advancedheading.kt-adv-heading992_6e2b70-65, .wp-block-kadence-advancedheading.kt-adv-heading992_6e2b70-65[data-kb-block=\"kb-adv-heading992_6e2b70-65\"]{margin-top:-12px;text-align:center;font-size:var(--global-kb-font-size-sm, 0.9rem);font-weight:700;font-style:normal;font-family:Montserrat;}.wp-block-kadence-advancedheading.kt-adv-heading992_6e2b70-65 mark, .wp-block-kadence-advancedheading.kt-adv-heading992_6e2b70-65[data-kb-block=\"kb-adv-heading992_6e2b70-65\"] mark{font-style:normal;color:#f76a0c;padding-top:0px;padding-right:0px;padding-bottom:0px;padding-left:0px;}@media all and (max-width: 767px){.wp-block-kadence-advancedheading.kt-adv-heading992_6e2b70-65, .wp-block-kadence-advancedheading.kt-adv-heading992_6e2b70-65[data-kb-block=\"kb-adv-heading992_6e2b70-65\"]{font-size:var(--global-kb-font-size-md, 1.25rem);}}<\/style>\n<p class=\"kt-adv-heading992_6e2b70-65 wp-block-kadence-advancedheading has-theme-palette-9-color has-text-color has-theme-palette-3-background-color has-background\" data-kb-block=\"kb-adv-heading992_6e2b70-65\">Constructions bois et Bardage<\/p>\n\n\n<style>.kb-image992_38aaf5-5f .kb-image-has-overlay:after{opacity:0.3;border-top-left-radius:500px;border-top-right-radius:500px;border-bottom-right-radius:500px;border-bottom-left-radius:500px;}.kb-image992_38aaf5-5f img.kb-img, .kb-image992_38aaf5-5f .kb-img img{border-top-left-radius:500px;border-top-right-radius:500px;border-bottom-right-radius:500px;border-bottom-left-radius:500px;}<\/style>\n<figure class=\"wp-block-kadence-image kb-image992_38aaf5-5f size-large kb-image-is-ratio-size\"><div class=\"kb-is-ratio-image kb-image-ratio-square\"><img loading=\"lazy\" decoding=\"async\" width=\"1024\" height=\"768\" src=\"https:\/\/huttopy.com\/huttopy-test-v2\/wp-content\/uploads\/2023\/03\/IMG_8374-1024x768.jpeg\" alt=\"\" class=\"kb-img wp-image-1435\" srcset=\"https:\/\/huttopy.com\/huttopy-test-v2\/wp-content\/uploads\/2023\/03\/IMG_8374-1024x768.jpeg 1024w, https:\/\/huttopy.com\/huttopy-test-v2\/wp-content\/uploads\/2023\/03\/IMG_8374-300x225.jpeg 300w, https:\/\/huttopy.com\/huttopy-test-v2\/wp-content\/uploads\/2023\/03\/IMG_8374-768x576.jpeg 768w, https:\/\/huttopy.com\/huttopy-test-v2\/wp-content\/uploads\/2023\/03\/IMG_8374-1536x1152.jpeg 1536w, https:\/\/huttopy.com\/huttopy-test-v2\/wp-content\/uploads\/2023\/03\/IMG_8374.jpeg 2048w\" sizes=\"auto, (max-width: 1024px) 100vw, 1024px\" \/><\/div><\/figure>\n\n\n<style>.wp-block-kadence-advancedheading.kt-adv-heading992_18a997-10, .wp-block-kadence-advancedheading.kt-adv-heading992_18a997-10[data-kb-block=\"kb-adv-heading992_18a997-10\"]{margin-top:0px;text-align:left;font-size:var(--global-kb-font-size-sm, 0.9rem);font-weight:700;font-style:normal;font-family:Montserrat;}.wp-block-kadence-advancedheading.kt-adv-heading992_18a997-10 mark, .wp-block-kadence-advancedheading.kt-adv-heading992_18a997-10[data-kb-block=\"kb-adv-heading992_18a997-10\"] mark{font-style:normal;color:#f76a0c;padding-top:0px;padding-right:0px;padding-bottom:0px;padding-left:0px;}@media all and (max-width: 767px){.wp-block-kadence-advancedheading.kt-adv-heading992_18a997-10, .wp-block-kadence-advancedheading.kt-adv-heading992_18a997-10[data-kb-block=\"kb-adv-heading992_18a997-10\"]{font-size:var(--global-kb-font-size-md, 1.25rem);}}<\/style>\n<p class=\"kt-adv-heading992_18a997-10 wp-block-kadence-advancedheading has-theme-palette-9-color has-text-color has-theme-palette-3-background-color has-background\" data-kb-block=\"kb-adv-heading992_18a997-10\"><strong>Am\u00e9nagements ext\u00e9rieurs<\/strong> bois<\/p>\n<\/div><\/div>\n\n\n<style>.kadence-column992_69b9d5-5a > .kt-inside-inner-col,.kadence-column992_69b9d5-5a > .kt-inside-inner-col:before{border-top-left-radius:0px;border-top-right-radius:0px;border-bottom-right-radius:0px;border-bottom-left-radius:0px;}.kadence-column992_69b9d5-5a > .kt-inside-inner-col{column-gap:var(--global-kb-gap-sm, 1rem);}.kadence-column992_69b9d5-5a > .kt-inside-inner-col{flex-direction:column;}.kadence-column992_69b9d5-5a > .kt-inside-inner-col > .aligncenter{width:100%;}.kadence-column992_69b9d5-5a > .kt-inside-inner-col:before{opacity:0.3;}.kadence-column992_69b9d5-5a{position:relative;}@media all and (max-width: 1024px){.kadence-column992_69b9d5-5a > .kt-inside-inner-col{flex-direction:column;}}@media all and (max-width: 767px){.kadence-column992_69b9d5-5a > .kt-inside-inner-col{flex-direction:column;}}<\/style>\n<div class=\"wp-block-kadence-column kadence-column992_69b9d5-5a inner-column-3\"><div class=\"kt-inside-inner-col\"><style>.kb-image992_9c4481-f3 .kb-image-has-overlay:after{opacity:0.3;border-top-left-radius:500px;border-top-right-radius:500px;border-bottom-right-radius:500px;border-bottom-left-radius:500px;}.kb-image992_9c4481-f3 img.kb-img, .kb-image992_9c4481-f3 .kb-img img{border-top-left-radius:500px;border-top-right-radius:500px;border-bottom-right-radius:500px;border-bottom-left-radius:500px;}<\/style>\n<figure class=\"wp-block-kadence-image kb-image992_9c4481-f3 size-large kb-image-is-ratio-size\"><div class=\"kb-is-ratio-image kb-image-ratio-square\"><img loading=\"lazy\" decoding=\"async\" width=\"1024\" height=\"768\" src=\"https:\/\/huttopy.com\/huttopy-test-v2\/wp-content\/uploads\/2023\/03\/MAILLOU-GARAGE-76-1024x768.jpeg\" alt=\"\" class=\"kb-img wp-image-1260\" srcset=\"https:\/\/huttopy.com\/huttopy-test-v2\/wp-content\/uploads\/2023\/03\/MAILLOU-GARAGE-76-1024x768.jpeg 1024w, https:\/\/huttopy.com\/huttopy-test-v2\/wp-content\/uploads\/2023\/03\/MAILLOU-GARAGE-76-300x225.jpeg 300w, https:\/\/huttopy.com\/huttopy-test-v2\/wp-content\/uploads\/2023\/03\/MAILLOU-GARAGE-76-768x576.jpeg 768w, https:\/\/huttopy.com\/huttopy-test-v2\/wp-content\/uploads\/2023\/03\/MAILLOU-GARAGE-76-1536x1152.jpeg 1536w, https:\/\/huttopy.com\/huttopy-test-v2\/wp-content\/uploads\/2023\/03\/MAILLOU-GARAGE-76.jpeg 2048w\" sizes=\"auto, (max-width: 1024px) 100vw, 1024px\" \/><\/div><\/figure>\n\n\n<style>.wp-block-kadence-advancedheading.kt-adv-heading992_f3e6e3-da, .wp-block-kadence-advancedheading.kt-adv-heading992_f3e6e3-da[data-kb-block=\"kb-adv-heading992_f3e6e3-da\"]{margin-top:-12px;text-align:center;font-size:var(--global-kb-font-size-sm, 0.9rem);font-weight:700;font-style:normal;font-family:Montserrat;}.wp-block-kadence-advancedheading.kt-adv-heading992_f3e6e3-da mark, .wp-block-kadence-advancedheading.kt-adv-heading992_f3e6e3-da[data-kb-block=\"kb-adv-heading992_f3e6e3-da\"] mark{font-style:normal;color:#f76a0c;padding-top:0px;padding-right:0px;padding-bottom:0px;padding-left:0px;}@media all and (max-width: 767px){.wp-block-kadence-advancedheading.kt-adv-heading992_f3e6e3-da, .wp-block-kadence-advancedheading.kt-adv-heading992_f3e6e3-da[data-kb-block=\"kb-adv-heading992_f3e6e3-da\"]{font-size:var(--global-kb-font-size-md, 1.25rem);}}<\/style>\n<p class=\"kt-adv-heading992_f3e6e3-da wp-block-kadence-advancedheading has-theme-palette-9-color has-text-color has-theme-palette-3-background-color has-background\" data-kb-block=\"kb-adv-heading992_f3e6e3-da\">Couverture Zinguerie<\/p>\n\n\n<style>.kb-image992_a40716-b4 .kb-image-has-overlay:after{opacity:0.3;border-top-left-radius:500px;border-top-right-radius:500px;border-bottom-right-radius:500px;border-bottom-left-radius:500px;}.kb-image992_a40716-b4 img.kb-img, .kb-image992_a40716-b4 .kb-img img{border-top-left-radius:500px;border-top-right-radius:500px;border-bottom-right-radius:500px;border-bottom-left-radius:500px;}<\/style>\n<figure class=\"wp-block-kadence-image kb-image992_a40716-b4 size-large kb-image-is-ratio-size\"><div class=\"kb-is-ratio-image kb-image-ratio-square\"><img loading=\"lazy\" decoding=\"async\" width=\"1024\" height=\"768\" src=\"https:\/\/huttopy.com\/huttopy-test-v2\/wp-content\/uploads\/2023\/03\/CABANTOUS-PARQUET-1-1024x768.jpg\" alt=\"\" class=\"kb-img wp-image-1935\" srcset=\"https:\/\/huttopy.com\/huttopy-test-v2\/wp-content\/uploads\/2023\/03\/CABANTOUS-PARQUET-1-1024x768.jpg 1024w, https:\/\/huttopy.com\/huttopy-test-v2\/wp-content\/uploads\/2023\/03\/CABANTOUS-PARQUET-1-300x225.jpg 300w, https:\/\/huttopy.com\/huttopy-test-v2\/wp-content\/uploads\/2023\/03\/CABANTOUS-PARQUET-1-768x576.jpg 768w, https:\/\/huttopy.com\/huttopy-test-v2\/wp-content\/uploads\/2023\/03\/CABANTOUS-PARQUET-1-1536x1152.jpg 1536w, https:\/\/huttopy.com\/huttopy-test-v2\/wp-content\/uploads\/2023\/03\/CABANTOUS-PARQUET-1-2048x1536.jpg 2048w\" sizes=\"auto, (max-width: 1024px) 100vw, 1024px\" \/><\/div><\/figure>\n\n\n<style>.wp-block-kadence-advancedheading.kt-adv-heading992_6619d7-08, .wp-block-kadence-advancedheading.kt-adv-heading992_6619d7-08[data-kb-block=\"kb-adv-heading992_6619d7-08\"]{margin-top:-3px;text-align:center;font-size:var(--global-kb-font-size-sm, 0.9rem);font-weight:700;font-style:normal;font-family:Montserrat;}.wp-block-kadence-advancedheading.kt-adv-heading992_6619d7-08 mark, .wp-block-kadence-advancedheading.kt-adv-heading992_6619d7-08[data-kb-block=\"kb-adv-heading992_6619d7-08\"] mark{font-style:normal;color:#f76a0c;padding-top:0px;padding-right:0px;padding-bottom:0px;padding-left:0px;}@media all and (max-width: 767px){.wp-block-kadence-advancedheading.kt-adv-heading992_6619d7-08, .wp-block-kadence-advancedheading.kt-adv-heading992_6619d7-08[data-kb-block=\"kb-adv-heading992_6619d7-08\"]{font-size:var(--global-kb-font-size-md, 1.25rem);}}<\/style>\n<p class=\"kt-adv-heading992_6619d7-08 wp-block-kadence-advancedheading has-theme-palette-9-color has-text-color has-theme-palette-3-background-color has-background\" data-kb-block=\"kb-adv-heading992_6619d7-08\">Am\u00e9nagements int\u00e9rieurs bois<\/p>\n<\/div><\/div>\n\n<\/div><\/div><\/div><\/div>\n\n<\/div><\/div>\n\n\n<p><\/p>\n","protected":false},"excerpt":{"rendered":"<p>NOS SERVICES Charpente Terrasse bois Constructions bois et Bardage Am\u00e9nagements ext\u00e9rieurs bois Couverture Zinguerie Am\u00e9nagements int\u00e9rieurs bois<\/p>\n","protected":false},"author":1,"featured_media":0,"parent":0,"menu_order":0,"comment_status":"closed","ping_status":"closed","template":"","meta":{"_kad_post_transparent":"default","_kad_post_title":"hide","_kad_post_layout":"fullwidth","_kad_post_sidebar_id":"","_kad_post_content_style":"unboxed","_kad_post_vertical_padding":"hide","_kad_post_feature":"","_kad_post_feature_position":"","_kad_post_header":false,"_kad_post_footer":false,"footnotes":""},"class_list":["post-992","page","type-page","status-publish","hentry"],"_links":{"self":[{"href":"https:\/\/huttopy.com\/huttopy-test-v2\/index.php?rest_route=\/wp\/v2\/pages\/992","targetHints":{"allow":["GET"]}}],"collection":[{"href":"https:\/\/huttopy.com\/huttopy-test-v2\/index.php?rest_route=\/wp\/v2\/pages"}],"about":[{"href":"https:\/\/huttopy.com\/huttopy-test-v2\/index.php?rest_route=\/wp\/v2\/types\/page"}],"author":[{"embeddable":true,"href":"https:\/\/huttopy.com\/huttopy-test-v2\/index.php?rest_route=\/wp\/v2\/users\/1"}],"replies":[{"embeddable":true,"href":"https:\/\/huttopy.com\/huttopy-test-v2\/index.php?rest_route=%2Fwp%2Fv2%2Fcomments&post=992"}],"version-history":[{"count":43,"href":"https:\/\/huttopy.com\/huttopy-test-v2\/index.php?rest_route=\/wp\/v2\/pages\/992\/revisions"}],"predecessor-version":[{"id":2932,"href":"https:\/\/huttopy.com\/huttopy-test-v2\/index.php?rest_route=\/wp\/v2\/pages\/992\/revisions\/2932"}],"wp:attachment":[{"href":"https:\/\/huttopy.com\/huttopy-test-v2\/index.php?rest_route=%2Fwp%2Fv2%2Fmedia&parent=992"}],"curies":[{"name":"wp","href":"https:\/\/api.w.org\/{rel}","templated":true}]}}