{"id":230,"date":"2023-02-21T15:59:23","date_gmt":"2023-02-21T14:59:23","guid":{"rendered":"https:\/\/huttopy.com\/?page_id=230"},"modified":"2024-08-26T12:33:11","modified_gmt":"2024-08-26T11:33:11","slug":"a-propos","status":"publish","type":"page","link":"https:\/\/huttopy.com\/huttopy-test-v2\/?page_id=230","title":{"rendered":"A propos"},"content":{"rendered":"<style>.kb-row-layout-id230_9d4ecc-8d > .kt-row-column-wrap{align-content:start;}:where(.kb-row-layout-id230_9d4ecc-8d > .kt-row-column-wrap) > .wp-block-kadence-column{justify-content:start;}.kb-row-layout-id230_9d4ecc-8d > .kt-row-column-wrap{column-gap:var(--global-kb-gap-md, 2rem);row-gap:var(--global-kb-gap-md, 2rem);max-width:var( --global-content-width, 1290px );padding-left:var(--global-content-edge-padding);padding-right:var(--global-content-edge-padding);padding-top:50px;padding-bottom:50px;grid-template-columns:minmax(0, 1fr);}.kb-row-layout-id230_9d4ecc-8d > .kt-row-layout-overlay{opacity:0.30;}@media all and (max-width: 1024px){.kb-row-layout-id230_9d4ecc-8d > .kt-row-column-wrap{grid-template-columns:minmax(0, 1fr);}}@media all and (max-width: 767px){.kb-row-layout-id230_9d4ecc-8d > .kt-row-column-wrap{grid-template-columns:minmax(0, 1fr);}}<\/style><div class=\"kb-row-layout-wrap kb-row-layout-id230_9d4ecc-8d alignnone wp-block-kadence-rowlayout\"><div class=\"kt-row-column-wrap kt-has-1-columns kt-row-layout-equal kt-tab-layout-inherit kt-mobile-layout-row kt-row-valign-top kb-theme-content-width\">\n<style>.kadence-column230_07583e-88 > .kt-inside-inner-col,.kadence-column230_07583e-88 > .kt-inside-inner-col:before{border-top-left-radius:0px;border-top-right-radius:0px;border-bottom-right-radius:0px;border-bottom-left-radius:0px;}.kadence-column230_07583e-88 > .kt-inside-inner-col{column-gap:var(--global-kb-gap-sm, 1rem);}.kadence-column230_07583e-88 > .kt-inside-inner-col{flex-direction:column;}.kadence-column230_07583e-88 > .kt-inside-inner-col > .aligncenter{width:100%;}.kadence-column230_07583e-88 > .kt-inside-inner-col:before{opacity:0.3;}.kadence-column230_07583e-88{position:relative;}@media all and (max-width: 1024px){.kadence-column230_07583e-88 > .kt-inside-inner-col{flex-direction:column;}}@media all and (max-width: 767px){.kadence-column230_07583e-88 > .kt-inside-inner-col{flex-direction:column;}}<\/style>\n<div class=\"wp-block-kadence-column kadence-column230_07583e-88 kb-section-dir-vertical inner-column-1\"><div class=\"kt-inside-inner-col\"><style>.kt-tabs-id230_12089b-0a > .kt-tabs-content-wrap > .wp-block-kadence-tab{border-top:1px solid #eee;border-right:0px solid #eee;border-bottom:0px solid #eee;border-left:0px solid #eee;border-top-left-radius:0px;border-top-right-radius:0px;border-bottom-right-radius:0px;border-bottom-left-radius:0px;padding-top:20px;padding-right:20px;padding-bottom:20px;padding-left:20px;min-height:510px;background:#fff;}.wp-block-kadence-tabs .kt-tabs-id230_12089b-0a > .kt-tabs-title-list li{margin-top:0px;margin-right:4px;margin-bottom:0px;margin-left:4px;}.wp-block-kadence-tabs .kt-tabs-id230_12089b-0a > .kt-tabs-title-list li:last-child{margin-right:0px;}.wp-block-kadence-tabs .kt-tabs-id230_12089b-0a > .kt-tabs-title-list li .kt-tab-title, .wp-block-kadence-tabs .kt-tabs-id230_12089b-0a > .kt-tabs-content-wrap > .kt-tabs-accordion-title .kt-tab-title{line-height:35px;font-family:Montserrat;font-weight:400;font-style:normal;border-top-width:0px;border-right-width:0px;border-bottom-width:5px;border-left-width:0px;border-top-left-radius:0px;border-top-right-radius:0px;border-bottom-right-radius:0px;border-bottom-left-radius:0px;padding-top:10px;padding-right:20px;padding-bottom:10px;padding-left:20px;border-color:#fff;color:#575757;background:#fff;}.wp-block-kadence-tabs .kt-tabs-id230_12089b-0a > .kt-tabs-content-wrap > .kt-tabs-accordion-title .kt-tab-title{margin-top:0px;margin-right:4px;margin-bottom:0px;margin-left:4px;}.wp-block-kadence-tabs .kt-tabs-id230_12089b-0a > .kt-tabs-title-list li .kt-tab-title:hover, .wp-block-kadence-tabs .kt-tabs-id230_12089b-0a > .kt-tabs-content-wrap > .kt-tabs-accordion-title .kt-tab-title:hover{border-color:#eee;color:#444;background:#fff;}.wp-block-kadence-tabs .kt-tabs-id230_12089b-0a > .kt-tabs-title-list li.kt-tab-title-active .kt-tab-title, .wp-block-kadence-tabs .kt-tabs-id230_12089b-0a > .kt-tabs-content-wrap > .kt-tabs-accordion-title.kt-tab-title-active .kt-tab-title{border-color:var(--global-palette3, #1A202C);color:var(--global-palette3, #1A202C);background:#fff;}@media all and (max-width: 1024px){.kt-tabs-id230_12089b-0a > .kt-tabs-content-wrap > .wp-block-kadence-tab{border-top:1px solid #eee;border-right:0px solid #eee;border-bottom:0px solid #eee;border-left:0px solid #eee;}}@media all and (max-width: 767px){.kt-tabs-id230_12089b-0a > .kt-tabs-content-wrap > .wp-block-kadence-tab{border-top:1px solid #eee;border-right:0px solid #eee;border-bottom:0px solid #eee;border-left:0px solid #eee;}}<\/style>\n<div class=\"wp-block-kadence-tabs alignnone layout-tabs\"><div class=\"kt-tabs-wrap kt-tabs-id230_12089b-0a kt-tabs-has-1-tabs kt-active-tab-1 kt-tabs-layout-tabs kt-tabs-tablet-layout-inherit kt-tabs-mobile-layout-accordion kt-tab-alignment-center kt-create-accordion\"><ul class=\"kt-tabs-title-list\"><li id=\"tab-apropos\" class=\"kt-title-item kt-title-item-1 kt-tabs-svg-show-always kt-tabs-icon-side-left kt-tab-title-active\"><a href=\"#tab-apropos\" data-tab=\"1\" class=\"kt-tab-title kt-tab-title-1 \"><span class=\"kt-title-text\">A propos<\/span><\/a><\/li><\/ul><div class=\"kt-tabs-content-wrap\">\n<div class=\"wp-block-kadence-tab kt-tab-inner-content kt-inner-tab-1 kt-inner-tab_f916c8-7e\"><div class=\"kt-tab-inner-content-inner\"><style>.kb-row-layout-id230_e9b1b6-38 > .kt-row-column-wrap{align-content:start;}:where(.kb-row-layout-id230_e9b1b6-38 > .kt-row-column-wrap) > .wp-block-kadence-column{justify-content:start;}.kb-row-layout-id230_e9b1b6-38 > .kt-row-column-wrap{column-gap:var(--global-kb-gap-md, 2rem);row-gap:var(--global-kb-gap-md, 2rem);max-width:var( --global-content-width, 1290px );padding-left:var(--global-content-edge-padding);padding-right:var(--global-content-edge-padding);padding-top:var(--global-kb-spacing-sm, 1.5rem);padding-bottom:var(--global-kb-spacing-sm, 1.5rem);grid-template-columns:minmax(0, 1fr);}.kb-row-layout-id230_e9b1b6-38 > .kt-row-layout-overlay{opacity:0.30;background-color:var(--global-palette3, #1A202C);}@media all and (max-width: 1024px){.kb-row-layout-id230_e9b1b6-38 > .kt-row-column-wrap{grid-template-columns:minmax(0, 1fr);}}@media all and (max-width: 767px){.kb-row-layout-id230_e9b1b6-38 > .kt-row-column-wrap{grid-template-columns:minmax(0, 1fr);}}<\/style><div class=\"kb-row-layout-wrap kb-row-layout-id230_e9b1b6-38 alignnone kt-row-has-bg wp-block-kadence-rowlayout\"><div class=\"kt-blocks-carousel kb-blocks-bg-slider kt-carousel-container-dotstyle-dark\"><div class=\"kt-blocks-carousel-init kb-blocks-bg-slider-init kt-carousel-arrowstyle-none kt-carousel-dotstyle-dark\" data-slider-anim-speed=\"400\" data-slider-type=\"slider\" data-slider-scroll=\"1\" data-slider-arrows=\"false\" data-slider-fade=\"true\" data-slider-dots=\"true\" data-slider-hover-pause=\"false\" data-slider-auto=\"true\" data-slider-speed=\"7000\"><div class=\"kb-bg-slide-contain\"><div class=\"kb-bg-slide kb-bg-slide-0\" style=\"\"><\/div><\/div><\/div><\/div><div class=\"kt-row-layout-overlay kt-row-overlay-normal\"><\/div><div class=\"kt-row-column-wrap kt-has-1-columns kt-row-layout-equal kt-tab-layout-inherit kt-mobile-layout-row kt-row-valign-top kb-theme-content-width\">\n<style>.kadence-column230_eda75e-f8 > .kt-inside-inner-col{display:flex;}.kadence-column230_eda75e-f8 > .kt-inside-inner-col,.kadence-column230_eda75e-f8 > .kt-inside-inner-col:before{border-top-left-radius:0px;border-top-right-radius:0px;border-bottom-right-radius:0px;border-bottom-left-radius:0px;}.kadence-column230_eda75e-f8 > .kt-inside-inner-col{row-gap:var(--global-kb-gap-none, 0rem );column-gap:var(--global-kb-gap-sm, 1rem);}.kadence-column230_eda75e-f8 > .kt-inside-inner-col{flex-direction:column;}.kadence-column230_eda75e-f8 > .kt-inside-inner-col > .aligncenter{width:100%;}.kadence-column230_eda75e-f8 > .kt-inside-inner-col:before{opacity:0.3;}.kadence-column230_eda75e-f8{position:relative;}@media all and (max-width: 1024px){.kadence-column230_eda75e-f8 > .kt-inside-inner-col{flex-direction:column;}}@media all and (max-width: 767px){.kadence-column230_eda75e-f8 > .kt-inside-inner-col{flex-direction:column;}}<\/style>\n<div class=\"wp-block-kadence-column kadence-column230_eda75e-f8 inner-column-1\"><div class=\"kt-inside-inner-col\"><style>.kb-image230_4ad8d4-0a.kb-image-is-ratio-size, .kb-image230_4ad8d4-0a .kb-image-is-ratio-size{max-width:812px;width:100%;}.wp-block-kadence-column > .kt-inside-inner-col > .kb-image230_4ad8d4-0a.kb-image-is-ratio-size, .wp-block-kadence-column > .kt-inside-inner-col > .kb-image230_4ad8d4-0a .kb-image-is-ratio-size{align-self:unset;}.kb-image230_4ad8d4-0a figure{max-width:812px;}.kb-image230_4ad8d4-0a .image-is-svg, .kb-image230_4ad8d4-0a .image-is-svg img{width:100%;}.kb-image230_4ad8d4-0a .kb-image-has-overlay:after{opacity:0.3;}<\/style>\n<div class=\"wp-block-kadence-image kb-image230_4ad8d4-0a\"><figure class=\"aligncenter size-large\"><img loading=\"lazy\" decoding=\"async\" width=\"1024\" height=\"683\" src=\"https:\/\/huttopy.com\/huttopy-test-v2\/wp-content\/uploads\/2024\/01\/8_PC75136_COMPAGNIONS_SANTERVAS_PRENSA-1024x683.jpg\" alt=\"\" class=\"kb-img wp-image-2615\" srcset=\"https:\/\/huttopy.com\/huttopy-test-v2\/wp-content\/uploads\/2024\/01\/8_PC75136_COMPAGNIONS_SANTERVAS_PRENSA-1024x683.jpg 1024w, https:\/\/huttopy.com\/huttopy-test-v2\/wp-content\/uploads\/2024\/01\/8_PC75136_COMPAGNIONS_SANTERVAS_PRENSA-300x200.jpg 300w, https:\/\/huttopy.com\/huttopy-test-v2\/wp-content\/uploads\/2024\/01\/8_PC75136_COMPAGNIONS_SANTERVAS_PRENSA-768x512.jpg 768w, https:\/\/huttopy.com\/huttopy-test-v2\/wp-content\/uploads\/2024\/01\/8_PC75136_COMPAGNIONS_SANTERVAS_PRENSA-1536x1024.jpg 1536w, https:\/\/huttopy.com\/huttopy-test-v2\/wp-content\/uploads\/2024\/01\/8_PC75136_COMPAGNIONS_SANTERVAS_PRENSA-2048x1366.jpg 2048w\" sizes=\"auto, (max-width: 1024px) 100vw, 1024px\" \/><\/figure><\/div>\n<\/div><\/div>\n\n\n<style>.kadence-column230_4a611b-59 > .kt-inside-inner-col,.kadence-column230_4a611b-59 > .kt-inside-inner-col:before{border-top-left-radius:0px;border-top-right-radius:0px;border-bottom-right-radius:0px;border-bottom-left-radius:0px;}.kadence-column230_4a611b-59 > .kt-inside-inner-col{column-gap:var(--global-kb-gap-sm, 1rem);}.kadence-column230_4a611b-59 > .kt-inside-inner-col{flex-direction:column;}.kadence-column230_4a611b-59 > .kt-inside-inner-col > .aligncenter{width:100%;}.kadence-column230_4a611b-59 > .kt-inside-inner-col:before{opacity:0.3;}.kadence-column230_4a611b-59{position:relative;}@media all and (max-width: 1024px){.kadence-column230_4a611b-59 > .kt-inside-inner-col{flex-direction:column;}}@media all and (max-width: 767px){.kadence-column230_4a611b-59 > .kt-inside-inner-col{flex-direction:column;}}<\/style>\n<div class=\"wp-block-kadence-column kadence-column230_4a611b-59 inner-column-2\"><div class=\"kt-inside-inner-col\">\n<p class=\"has-theme-palette-3-color has-text-color has-link-color wp-elements-c2d3418961286096c4bb274404950bbc\">Bienvenue,<\/p>\n\n\n\n<p class=\"has-theme-palette-3-color has-text-color has-link-color wp-elements-70f227c5745597607eb705694e9d0f6c\">Je suis Ga\u00ebl, passionn\u00e9 de construction en bois et de charpente traditionnelle. Depuis mes d\u00e9buts dans ce m\u00e9tier en 2009, mon engagement est de cr\u00e9er des espaces de vie sains et durables, mettant en avant la chaleur et l&rsquo;authenticit\u00e9 du bois naturel.<\/p>\n\n\n\n<p class=\"has-theme-palette-3-color has-text-color has-link-color wp-elements-e0548bda7bde7ac7a790974b2ccf1f7c\">Apr\u00e8s une reconversion professionnelle, j&rsquo;ai explor\u00e9 divers horizons au sein de diff\u00e9rentes entreprises de charpente, dont une exp\u00e9rience significative de quatre ann\u00e9es chez un constructeur de maisons en bois \u00e0 Bordeaux. Cette p\u00e9riode a enrichi ma palette de comp\u00e9tences et aiguill\u00e9 ma passion pour les belles r\u00e9alisations en bois.<\/p>\n\n\n\n<p class=\"has-theme-palette-3-color has-text-color has-link-color wp-elements-ffbedafe5169ca90715e131d79023406\"><br>En 2014, j&rsquo;ai \u00e9largi mes comp\u00e9tences \u00e0 la zinguerie en me formant intensivement pendant trois mois. Cette nouvelle expertise a \u00e9t\u00e9 le tremplin pour donner vie \u00e0 ma propre entreprise, offrant ainsi une gamme \u00e9tendue de services.<\/p>\n\n\n\n<p class=\"has-theme-palette-3-color has-text-color has-link-color wp-elements-a5c36830ff52dffa1367b5e28773ec71\"><br>L&rsquo;apprentissage continu demeure au c\u0153ur de ma d\u00e9marche. De la couverture en longue feuille au trait de charpente, je perfectionne constamment mes savoir-faire pour vous garantir des r\u00e9alisations de qualit\u00e9.<\/p>\n\n\n\n<p class=\"has-theme-palette-3-color has-text-color has-link-color wp-elements-c6ca55102a62c2cbdae6b3bc25d801d6\"><br>Depuis 2017, mon expertise s&rsquo;est enrichie avec l&rsquo;acquisition de comp\u00e9tences avanc\u00e9es en techniques de levage \u00e0 la corde pour les structures en bois. Aujourd&rsquo;hui, je suis parfaitement autonome pour mettre en \u0153uvre des \u00e9l\u00e9ments lourds, m\u00eame dans des endroits difficiles d&rsquo;acc\u00e8s ou en sous-\u0153uvre. Mon terrain de jeu s&rsquo;\u00e9tend d\u00e9sormais de la M\u00e9tropole Bordelaise jusqu&rsquo;au Bassin d&rsquo;Arcachon.<\/p>\n\n\n\n<p class=\"has-theme-palette-3-color has-text-color has-link-color wp-elements-461aad2c56f8d31aa002afe2d09c6b58\"><br>Bien que je pr\u00e9f\u00e8re travailler en solo, je suis \u00e9galement capable de r\u00e9pondre \u00e0 des projets d&rsquo;envergure gr\u00e2ce \u00e0 des partenariats strat\u00e9giques avec d&rsquo;autres charpentiers exp\u00e9riment\u00e9s.<\/p>\n\n\n\n<p class=\"has-theme-palette-3-color has-text-color has-link-color wp-elements-ffecfef3497ef268839e43ff8c00a040\"><br>La fabrication sur chantier est au c\u0153ur de ma d\u00e9marche, offrant une flexibilit\u00e9 maximale pour m&rsquo;adapter aux sp\u00e9cificit\u00e9s de chaque lieu ou b\u00e2timent. Travailler directement sur place me permet d&rsquo;ajuster en temps r\u00e9el, assurant une int\u00e9gration parfaite avec l&rsquo;esth\u00e9tique et les exigences structurelles. Opter pour cette approche, c&rsquo;est choisir une personnalisation pr\u00e9cise et une solution adapt\u00e9e \u00e0 vos besoins uniques.<\/p>\n\n\n\n<p class=\"has-theme-palette-3-color has-text-color has-link-color wp-elements-f9f9cc4eee4567ba2c6aaa3df6ba5e24\"><br>Je suis fier de mon engagement envers la qualit\u00e9 et m&rsquo;assure que chaque d\u00e9tail est parfaitement r\u00e9alis\u00e9 pour garantir la long\u00e9vit\u00e9 et la s\u00e9curit\u00e9 de mes ouvrages.<\/p>\n\n\n\n<p class=\"has-theme-palette-3-color has-text-color has-link-color wp-elements-01800c672f28e9b707e617caf3cb90b7\"><br>Mon \u00ab\u00a0intention\u00a0\u00bb consiste \u00e0 insuffler de l&rsquo;\u00e2me, du cachet et du charme \u00e0 vos constructions bois et anciens b\u00e2tis, mettant en valeur chaque d\u00e9tail architectural.<\/p>\n\n\n\n<p class=\"has-theme-palette-3-color has-text-color has-link-color wp-elements-b05cd5df0d0e85a3985d0825e2c3c89a\"><br>Confiez-moi votre projet, et ensemble, nous donnerons vie \u00e0 une r\u00e9alisation en bois qui refl\u00e8te votre vision<\/p>\n\n\n<style>.wp-block-kadence-advancedbtn.kb-btns230_449cf7-94{gap:var(--global-kb-gap-xs, 0.5rem );justify-content:center;align-items:center;}.kt-btns230_449cf7-94 .kt-button{font-weight:normal;font-style:normal;}<\/style>\n<div class=\"wp-block-kadence-advancedbtn kb-buttons-wrap kb-btns230_449cf7-94\"><style>ul.menu .wp-block-kadence-advancedbtn .kb-btn230_f80d0d-b9.kb-button{width:initial;}.wp-block-kadence-advancedbtn .kb-btn230_f80d0d-b9.kb-button{color:var(--global-palette9, #ffffff);background:var(--global-palette3, #1A202C);border-top-color:var(--global-palette3, #1A202C);border-top-style:solid;border-right-color:var(--global-palette3, #1A202C);border-right-style:solid;border-bottom-color:var(--global-palette3, #1A202C);border-bottom-style:solid;border-left-color:var(--global-palette3, #1A202C);border-left-style:solid;}.wp-block-kadence-advancedbtn .kb-btn230_f80d0d-b9.kb-button:hover{color:var(--global-palette3, #1A202C);background:var(--global-palette9, #ffffff);border-top-color:var(--global-palette9, #ffffff);border-top-style:solid;border-right-color:var(--global-palette9, #ffffff);border-right-style:solid;border-bottom-color:var(--global-palette9, #ffffff);border-bottom-style:solid;border-left-color:var(--global-palette9, #ffffff);border-left-style:solid;}@media all and (max-width: 1024px){.wp-block-kadence-advancedbtn .kb-btn230_f80d0d-b9.kb-button{border-top-color:var(--global-palette3, #1A202C);border-top-style:solid;border-right-color:var(--global-palette3, #1A202C);border-right-style:solid;border-bottom-color:var(--global-palette3, #1A202C);border-bottom-style:solid;border-left-color:var(--global-palette3, #1A202C);border-left-style:solid;}}@media all and (max-width: 1024px){.wp-block-kadence-advancedbtn .kb-btn230_f80d0d-b9.kb-button:hover{border-top-color:var(--global-palette9, #ffffff);border-top-style:solid;border-right-color:var(--global-palette9, #ffffff);border-right-style:solid;border-bottom-color:var(--global-palette9, #ffffff);border-bottom-style:solid;border-left-color:var(--global-palette9, #ffffff);border-left-style:solid;}}@media all and (max-width: 1024px){.kb-btn230_f80d0d-b9.kb-button .kb-svg-icon-wrap{display:block;}}@media all and (max-width: 767px){.wp-block-kadence-advancedbtn .kb-btn230_f80d0d-b9.kb-button{border-top-color:var(--global-palette3, #1A202C);border-top-style:solid;border-right-color:var(--global-palette3, #1A202C);border-right-style:solid;border-bottom-color:var(--global-palette3, #1A202C);border-bottom-style:solid;border-left-color:var(--global-palette3, #1A202C);border-left-style:solid;}.wp-block-kadence-advancedbtn .kb-btn230_f80d0d-b9.kb-button:hover{border-top-color:var(--global-palette9, #ffffff);border-top-style:solid;border-right-color:var(--global-palette9, #ffffff);border-right-style:solid;border-bottom-color:var(--global-palette9, #ffffff);border-bottom-style:solid;border-left-color:var(--global-palette9, #ffffff);border-left-style:solid;}}<\/style><a class=\"kb-button kt-button button kb-btn230_f80d0d-b9 kt-btn-size-standard kt-btn-width-type-auto kb-btn-global-outline kt-btn-has-text-true kt-btn-has-svg-false wp-block-kadence-singlebtn\" href=\"https:\/\/huttopy.com\/huttopy-test-v2\/nous-contacter\/\"><span class=\"kt-btn-inner-text\">Contactez-nous<\/span><\/a><\/div>\n<\/div><\/div>\n\n<\/div><\/div><\/div><\/div>\n<\/div><\/div><\/div>\n\n\n\n<div class=\"wp-block-group\"><div class=\"wp-block-group__inner-container is-layout-constrained wp-block-group-is-layout-constrained\">\n<div class=\"wp-block-columns is-layout-flex wp-container-core-columns-is-layout-9d6595d7 wp-block-columns-is-layout-flex\">\n<div class=\"wp-block-column is-layout-flow wp-block-column-is-layout-flow\" style=\"flex-basis:100%\">\n<figure class=\"wp-block-gallery has-nested-images columns-default is-cropped wp-block-gallery-1 is-layout-flex wp-block-gallery-is-layout-flex\">\n<figure class=\"wp-block-image size-large\"><img loading=\"lazy\" decoding=\"async\" width=\"768\" height=\"1024\" data-id=\"2913\" src=\"https:\/\/huttopy.com\/huttopy-test-v2\/wp-content\/uploads\/2024\/08\/IMG_5209-768x1024.jpeg\" alt=\"\" class=\"wp-image-2913\" srcset=\"https:\/\/huttopy.com\/huttopy-test-v2\/wp-content\/uploads\/2024\/08\/IMG_5209-768x1024.jpeg 768w, https:\/\/huttopy.com\/huttopy-test-v2\/wp-content\/uploads\/2024\/08\/IMG_5209-225x300.jpeg 225w, https:\/\/huttopy.com\/huttopy-test-v2\/wp-content\/uploads\/2024\/08\/IMG_5209-1152x1536.jpeg 1152w, https:\/\/huttopy.com\/huttopy-test-v2\/wp-content\/uploads\/2024\/08\/IMG_5209.jpeg 1536w\" sizes=\"auto, (max-width: 768px) 100vw, 768px\" \/><\/figure>\n<\/figure>\n<\/div>\n<\/div>\n<\/div><\/div>\n<\/div><\/div>\n\n<\/div><\/div>","protected":false},"excerpt":{"rendered":"","protected":false},"author":1,"featured_media":0,"parent":0,"menu_order":0,"comment_status":"closed","ping_status":"closed","template":"","meta":{"_kad_post_transparent":"disable","_kad_post_title":"hide","_kad_post_layout":"fullwidth","_kad_post_sidebar_id":"","_kad_post_content_style":"unboxed","_kad_post_vertical_padding":"hide","_kad_post_feature":"","_kad_post_feature_position":"","_kad_post_header":false,"_kad_post_footer":false,"footnotes":""},"class_list":["post-230","page","type-page","status-publish","hentry"],"_links":{"self":[{"href":"https:\/\/huttopy.com\/huttopy-test-v2\/index.php?rest_route=\/wp\/v2\/pages\/230","targetHints":{"allow":["GET"]}}],"collection":[{"href":"https:\/\/huttopy.com\/huttopy-test-v2\/index.php?rest_route=\/wp\/v2\/pages"}],"about":[{"href":"https:\/\/huttopy.com\/huttopy-test-v2\/index.php?rest_route=\/wp\/v2\/types\/page"}],"author":[{"embeddable":true,"href":"https:\/\/huttopy.com\/huttopy-test-v2\/index.php?rest_route=\/wp\/v2\/users\/1"}],"replies":[{"embeddable":true,"href":"https:\/\/huttopy.com\/huttopy-test-v2\/index.php?rest_route=%2Fwp%2Fv2%2Fcomments&post=230"}],"version-history":[{"count":66,"href":"https:\/\/huttopy.com\/huttopy-test-v2\/index.php?rest_route=\/wp\/v2\/pages\/230\/revisions"}],"predecessor-version":[{"id":2942,"href":"https:\/\/huttopy.com\/huttopy-test-v2\/index.php?rest_route=\/wp\/v2\/pages\/230\/revisions\/2942"}],"wp:attachment":[{"href":"https:\/\/huttopy.com\/huttopy-test-v2\/index.php?rest_route=%2Fwp%2Fv2%2Fmedia&parent=230"}],"curies":[{"name":"wp","href":"https:\/\/api.w.org\/{rel}","templated":true}]}}